{"id":23,"date":"2024-07-19T02:05:26","date_gmt":"2024-07-19T02:05:26","guid":{"rendered":"https:\/\/urielhidalgo.com\/?page_id=23"},"modified":"2024-11-29T22:58:05","modified_gmt":"2024-11-29T22:58:05","slug":"about-me","status":"publish","type":"page","link":"https:\/\/urielhidalgo.com\/?page_id=23","title":{"rendered":"About"},"content":{"rendered":"\n<figure class=\"wp-block-image size-large\"><img loading=\"lazy\" decoding=\"async\" width=\"766\" height=\"1024\" src=\"https:\/\/urielhidalgo.com\/wp-content\/uploads\/2024\/09\/Imagen-de-WhatsApp-2024-09-25-a-las-20.54.25_a7f5b463-766x1024.jpg\" alt=\"\" class=\"wp-image-58\" srcset=\"https:\/\/urielhidalgo.com\/wp-content\/uploads\/2024\/09\/Imagen-de-WhatsApp-2024-09-25-a-las-20.54.25_a7f5b463-766x1024.jpg 766w, https:\/\/urielhidalgo.com\/wp-content\/uploads\/2024\/09\/Imagen-de-WhatsApp-2024-09-25-a-las-20.54.25_a7f5b463-225x300.jpg 225w, https:\/\/urielhidalgo.com\/wp-content\/uploads\/2024\/09\/Imagen-de-WhatsApp-2024-09-25-a-las-20.54.25_a7f5b463-768x1026.jpg 768w, https:\/\/urielhidalgo.com\/wp-content\/uploads\/2024\/09\/Imagen-de-WhatsApp-2024-09-25-a-las-20.54.25_a7f5b463.jpg 970w\" sizes=\"auto, (max-width: 766px) 100vw, 766px\" \/><\/figure>\n\n\n\n<p><strong>Uriel Hidalgo Lerma<\/strong> es un  artista pl\u00e1stico y profesor en la Escuela de Artes Pl\u00e1sticas y Audiovisuales de la BUAP (ARPA), quien se ha especializado en animaci\u00f3n y arte digital. A lo largo de su carrera, ha contribuido a proyectos que han dado vida a mundos vibrantes y llenos de cultura, destacando su colaboraci\u00f3n en pel\u00edculas animadas 2D como <em>La Leyenda de la Nahual<\/em> y <em>La Revoluci\u00f3n de Juan Escopeta<\/em> de ANIMEX Estudios. Su versatilidad  ha hecho que se desenvuelva  en el arte conceptual, dise\u00f1o de personajes, storyboard y animaci\u00f3n lo ha llevado tambi\u00e9n a ser parte  en la preproducci\u00f3n de cortometrajes en stop motion como <em>Puebla 1862: Cubierta de Gloria<\/em> y <em>Elena y las Sombras<\/em>.<\/p>\n\n\n\n<p>Recientemente, Uriel ha dado un paso m\u00e1s en su carrera creativa, dirigiendo su primer cortometraje animado, <em>20 P\u00e9talos<\/em> el cual a la fecha ya es parte de la selecci\u00f3n de 4 festivales internacionales de cine. Su incansable esp\u00edritu innovador lo ha llevado a formar parte del ARPA Mojito Lab, un laboratorio pionero en narrativas visuales donde sigue empujando los l\u00edmites de la creatividad.<\/p>\n\n\n\n<p>Desde joven, Uriel ha estado profundamente influenciado por las caricaturas, los c\u00f3mics y la cultura pop. Su fascinaci\u00f3n por dinosaurios, robots y criaturas fant\u00e1sticas ha sido la chispa que alimenta su obra art\u00edstica, fusionando elementos de lo fant\u00e1stico con lo cultural para crear universos visuales \u00fanicos.<\/p>\n\n\n\n<p><\/p>\n","protected":false},"excerpt":{"rendered":"<p>Uriel Hidalgo Lerma es un artista pl\u00e1stico y profesor en la Escuela de Artes Pl\u00e1sticas y Audiovisuales de la BUAP (ARPA), quien se ha especializado en animaci\u00f3n y arte digital. A lo largo de su carrera, ha contribuido a proyectos que han dado vida a mundos vibrantes y llenos de cultura, destacando su colaboraci\u00f3n en [&hellip;]<\/p>\n","protected":false},"author":1,"featured_media":0,"parent":2,"menu_order":0,"comment_status":"closed","ping_status":"closed","template":"template-blank","meta":{"footnotes":""},"class_list":["post-23","page","type-page","status-publish","hentry"],"_links":{"self":[{"href":"https:\/\/urielhidalgo.com\/index.php?rest_route=\/wp\/v2\/pages\/23","targetHints":{"allow":["GET"]}}],"collection":[{"href":"https:\/\/urielhidalgo.com\/index.php?rest_route=\/wp\/v2\/pages"}],"about":[{"href":"https:\/\/urielhidalgo.com\/index.php?rest_route=\/wp\/v2\/types\/page"}],"author":[{"embeddable":true,"href":"https:\/\/urielhidalgo.com\/index.php?rest_route=\/wp\/v2\/users\/1"}],"replies":[{"embeddable":true,"href":"https:\/\/urielhidalgo.com\/index.php?rest_route=%2Fwp%2Fv2%2Fcomments&post=23"}],"version-history":[{"count":5,"href":"https:\/\/urielhidalgo.com\/index.php?rest_route=\/wp\/v2\/pages\/23\/revisions"}],"predecessor-version":[{"id":96,"href":"https:\/\/urielhidalgo.com\/index.php?rest_route=\/wp\/v2\/pages\/23\/revisions\/96"}],"up":[{"embeddable":true,"href":"https:\/\/urielhidalgo.com\/index.php?rest_route=\/wp\/v2\/pages\/2"}],"wp:attachment":[{"href":"https:\/\/urielhidalgo.com\/index.php?rest_route=%2Fwp%2Fv2%2Fmedia&parent=23"}],"curies":[{"name":"wp","href":"https:\/\/api.w.org\/{rel}","templated":true}]}}